{"id":25,"date":"2023-05-01T19:34:36","date_gmt":"2023-05-01T17:34:36","guid":{"rendered":"https:\/\/relaxterasz.hu\/?page_id=25"},"modified":"2023-05-11T16:39:37","modified_gmt":"2023-05-11T14:39:37","slug":"adatkezeles","status":"publish","type":"page","link":"https:\/\/relaxterasz.hu\/en\/cookie\/","title":{"rendered":"Privacy notice"},"content":{"rendered":"<div data-elementor-type=\"wp-page\" data-elementor-id=\"25\" class=\"elementor elementor-25\" data-elementor-post-type=\"page\">\n\t\t\t\t<div class=\"elementor-element elementor-element-36380db e-flex e-con-boxed e-con e-parent\" data-id=\"36380db\" data-element_type=\"container\">\n\t\t\t\t\t<div class=\"e-con-inner\">\n\t\t\t\t<div class=\"elementor-element elementor-element-4d31d1c elementor-widget elementor-widget-heading\" data-id=\"4d31d1c\" data-element_type=\"widget\" data-widget_type=\"heading.default\">\n\t\t\t\t<div class=\"elementor-widget-container\">\n\t\t\t\t\t<h2 class=\"elementor-heading-title elementor-size-default\">Privacy notice<\/h2>\t\t\t\t<\/div>\n\t\t\t\t<\/div>\n\t\t\t\t<div class=\"elementor-element elementor-element-b622fb9 elementor-widget elementor-widget-text-editor\" data-id=\"b622fb9\" data-element_type=\"widget\" data-widget_type=\"text-editor.default\">\n\t\t\t\t<div class=\"elementor-widget-container\">\n\t\t\t\t\t\t\t\t\t<p>- Effective: 10 May 2023 -<\/p><p>How to contact us:<br \/>E-mail address: info@relaxterasz.hu<br \/>Phone number: +36 309422600<\/p><p>This Privacy Notice has been prepared in accordance with the rules of the General Data Protection Regulation 2016\/679 (hereinafter: the Regulation).<\/p><p>DUNA JET KFT.<br \/>Address: 1136 Budapest, Pann\u00f3nia utca 26 4.floor 2.<br \/>Company registration number: 01-09-324294<br \/>Tax number: 26327109-2-41<\/p>\t\t\t\t\t\t\t\t<\/div>\n\t\t\t\t<\/div>\n\t\t\t\t<div class=\"elementor-element elementor-element-aa1a38a elementor-align-left elementor-widget__width-auto elementor-widget elementor-widget-button\" data-id=\"aa1a38a\" data-element_type=\"widget\" data-widget_type=\"button.default\">\n\t\t\t\t<div class=\"elementor-widget-container\">\n\t\t\t\t\t\t\t\t\t<div class=\"elementor-button-wrapper\">\n\t\t\t\t\t<a class=\"elementor-button elementor-button-link elementor-size-sm\" href=\"https:\/\/relaxterasz.hu\/wp-content\/uploads\/2023\/05\/ADATKEZELESI-TAJEKOZTATO-RT.pdf\" target=\"_blank\" rel=\"nofollow\">\n\t\t\t\t\t\t<span class=\"elementor-button-content-wrapper\">\n\t\t\t\t\t\t\t\t\t<span class=\"elementor-button-text\">Click here to read our privacy notice (PDF)<\/span>\n\t\t\t\t\t<\/span>\n\t\t\t\t\t<\/a>\n\t\t\t\t<\/div>\n\t\t\t\t\t\t\t\t<\/div>\n\t\t\t\t<\/div>\n\t\t\t\t\t<\/div>\n\t\t\t\t<\/div>\n\t\t\t\t<\/div>","protected":false},"excerpt":{"rendered":"<p>Adatkezel\u00e9si t\u00e1j\u00e9koztat\u00f3 &#8211; Hat\u00e1ly: 2023. m\u00e1jus 10. \u2012 El\u00e9rhet\u0151s\u00e9geink:E-mail c\u00edm: info@relaxterasz.huTelefonsz\u00e1m: +36 309422600 Az adatkezel\u00e9si t\u00e1j\u00e9koztat\u00f3 a 2016\/679 sz\u00e1m\u00fa \u00c1ltal\u00e1nos adatv\u00e9delmi rendelet (a tov\u00e1bbiakban: Rendelet) szab\u00e1lyaival \u00f6sszhangban k\u00e9sz\u00fclt. DUNA JET KFT.Sz\u00e9khely: 1136 Budapest, Pann\u00f3nia utca 26 4.emelet 2.C\u00e9gjegyz\u00e9ksz\u00e1m: 01-09-324294Ad\u00f3sz\u00e1m: 26327109-2-41 Az adatkezel\u00e9si t\u00e1j\u00e9koztat\u00f3nk ide kattintva elolvashat\u00f3 (PDF)<\/p>","protected":false},"author":1,"featured_media":0,"parent":0,"menu_order":0,"comment_status":"closed","ping_status":"closed","template":"","meta":{"site-sidebar-layout":"no-sidebar","site-content-layout":"page-builder","ast-site-content-layout":"","site-content-style":"default","site-sidebar-style":"default","ast-global-header-display":"","ast-banner-title-visibility":"","ast-main-header-display":"","ast-hfb-above-header-display":"","ast-hfb-below-header-display":"","ast-hfb-mobile-header-display":"","site-post-title":"disabled","ast-breadcrumbs-content":"","ast-featured-img":"disabled","footer-sml-layout":"","theme-transparent-header-meta":"","adv-header-id-meta":"","stick-header-meta":"","header-above-stick-meta":"","header-main-stick-meta":"","header-below-stick-meta":"","astra-migrate-meta-layouts":"default","ast-page-background-enabled":"default","ast-page-background-meta":{"desktop":{"background-color":"var(--ast-global-color-4)","background-image":"","background-repeat":"repeat","background-position":"center center","background-size":"auto","background-attachment":"scroll","background-type":"","background-media":"","overlay-type":"","overlay-color":"","overlay-opacity":"","overlay-gradient":""},"tablet":{"background-color":"","background-image":"","background-repeat":"repeat","background-position":"center center","background-size":"auto","background-attachment":"scroll","background-type":"","background-media":"","overlay-type":"","overlay-color":"","overlay-opacity":"","overlay-gradient":""},"mobile":{"background-color":"","background-image":"","background-repeat":"repeat","background-position":"center center","background-size":"auto","background-attachment":"scroll","background-type":"","background-media":"","overlay-type":"","overlay-color":"","overlay-opacity":"","overlay-gradient":""}},"ast-content-background-meta":{"desktop":{"background-color":"var(--ast-global-color-5)","background-image":"","background-repeat":"repeat","background-position":"center center","background-size":"auto","background-attachment":"scroll","background-type":"","background-media":"","overlay-type":"","overlay-color":"","overlay-opacity":"","overlay-gradient":""},"tablet":{"background-color":"var(--ast-global-color-5)","background-image":"","background-repeat":"repeat","background-position":"center center","background-size":"auto","background-attachment":"scroll","background-type":"","background-media":"","overlay-type":"","overlay-color":"","overlay-opacity":"","overlay-gradient":""},"mobile":{"background-color":"var(--ast-global-color-5)","background-image":"","background-repeat":"repeat","background-position":"center center","background-size":"auto","background-attachment":"scroll","background-type":"","background-media":"","overlay-type":"","overlay-color":"","overlay-opacity":"","overlay-gradient":""}},"footnotes":""},"class_list":["post-25","page","type-page","status-publish","hentry"],"_links":{"self":[{"href":"https:\/\/relaxterasz.hu\/en\/wp-json\/wp\/v2\/pages\/25","targetHints":{"allow":["GET"]}}],"collection":[{"href":"https:\/\/relaxterasz.hu\/en\/wp-json\/wp\/v2\/pages"}],"about":[{"href":"https:\/\/relaxterasz.hu\/en\/wp-json\/wp\/v2\/types\/page"}],"author":[{"embeddable":true,"href":"https:\/\/relaxterasz.hu\/en\/wp-json\/wp\/v2\/users\/1"}],"replies":[{"embeddable":true,"href":"https:\/\/relaxterasz.hu\/en\/wp-json\/wp\/v2\/comments?post=25"}],"version-history":[{"count":14,"href":"https:\/\/relaxterasz.hu\/en\/wp-json\/wp\/v2\/pages\/25\/revisions"}],"predecessor-version":[{"id":2896,"href":"https:\/\/relaxterasz.hu\/en\/wp-json\/wp\/v2\/pages\/25\/revisions\/2896"}],"wp:attachment":[{"href":"https:\/\/relaxterasz.hu\/en\/wp-json\/wp\/v2\/media?parent=25"}],"curies":[{"name":"wp","href":"https:\/\/api.w.org\/{rel}","templated":true}]}}